{"id":793,"date":"2025-11-24T20:30:33","date_gmt":"2025-11-24T20:30:33","guid":{"rendered":"https:\/\/brettern.org\/wordpress\/?page_id=793"},"modified":"2026-02-11T12:18:03","modified_gmt":"2026-02-11T12:18:03","slug":"rollschuhdisko","status":"publish","type":"page","link":"https:\/\/brettern.org\/wordpress\/rollschuhdisko\/","title":{"rendered":"Rollschuhdisko"},"content":{"rendered":"\n<div class=\"wp-block-cover alignfull wp-duotone-111111-rgb222114114-1\" style=\"margin-top:0;padding-top:50px;padding-right:50px;padding-bottom:50px;padding-left:50px;min-height:66vh;aspect-ratio:unset;\"><img loading=\"lazy\" decoding=\"async\" width=\"1024\" height=\"683\" class=\"wp-block-cover__image-background wp-image-1025 size-large\" alt=\"\" src=\"https:\/\/brettern.org\/wordpress\/wp-content\/uploads\/2026\/02\/Rollschuhdisko_30092023_CarolinKlemm_71-1024x683.jpg\" data-object-fit=\"cover\" srcset=\"https:\/\/brettern.org\/wordpress\/wp-content\/uploads\/2026\/02\/Rollschuhdisko_30092023_CarolinKlemm_71-1024x683.jpg 1024w, https:\/\/brettern.org\/wordpress\/wp-content\/uploads\/2026\/02\/Rollschuhdisko_30092023_CarolinKlemm_71-300x200.jpg 300w, https:\/\/brettern.org\/wordpress\/wp-content\/uploads\/2026\/02\/Rollschuhdisko_30092023_CarolinKlemm_71-768x512.jpg 768w, https:\/\/brettern.org\/wordpress\/wp-content\/uploads\/2026\/02\/Rollschuhdisko_30092023_CarolinKlemm_71-1536x1024.jpg 1536w, https:\/\/brettern.org\/wordpress\/wp-content\/uploads\/2026\/02\/Rollschuhdisko_30092023_CarolinKlemm_71-2048x1365.jpg 2048w\" sizes=\"auto, (max-width: 1024px) 100vw, 1024px\" \/><span aria-hidden=\"true\" class=\"wp-block-cover__background has-background-dim-0 has-background-dim\" style=\"background-color:#645758\"><\/span><div class=\"wp-block-cover__inner-container is-layout-flow wp-block-cover-is-layout-flow\">\n<div class=\"wp-block-columns is-layout-flex wp-container-core-columns-is-layout-28f84493 wp-block-columns-is-layout-flex\">\n<div class=\"wp-block-column is-layout-flow wp-block-column-is-layout-flow\" style=\"flex-basis:66%\">\n<h2 class=\"wp-block-heading has-text-align-left has-white-color has-text-color\" style=\"font-size:clamp(2.629em, 2.629rem + ((1vw - 0.2em) * 3.719), 5em);font-style:normal;font-weight:500;letter-spacing:0px;line-height:1;text-transform:uppercase\">RollschuhdisKo<\/h2>\n\n\n\n<p class=\"has-text-align-left is-style-default has-base-color has-text-color has-link-color has-large-font-size wp-elements-9c3d3de99abfe63811de4771dc2a21b1\">Die erste \u00f6ffentliche Rollschuhdisko konnten wir 2023 auf dem St\u00e9phane-Hessel-Platz in Weimar organisieren. Die Veranstaltung war so erfolgreich, dass uns schnell klar war, die Rollschuhdisko wird unsere zweite gro\u00dfe j\u00e4hrlich stattfindende Veranstaltung. Zur ersten Disko 2023 kamen 400 begeisterte Besucher*innen und 2024 konnten wir trotz vor\u00fcbergehender Regenschauer ca. 300 Besucher*innen von klein bis gro\u00df z\u00e4hlen. Aufgrund der positiven Resonanz erwarten wir f\u00fcr die n\u00e4chsten Jahre wachsende Zahlen.<\/p>\n<\/div>\n<\/div>\n<\/div><\/div>\n\n\n\n<div class=\"wp-block-group alignfull has-global-padding is-layout-constrained wp-block-group-is-layout-constrained\" style=\"margin-top:0;margin-bottom:0\">\n<div class=\"wp-block-group alignwide is-layout-grid wp-container-core-group-is-layout-5fdb10e5 wp-block-group-is-layout-grid\" style=\"padding-top:var(--wp--preset--spacing--50);padding-bottom:var(--wp--preset--spacing--50)\">\n<div class=\"wp-block-group is-vertical is-content-justification-stretch is-nowrap is-layout-flex wp-container-core-group-is-layout-627337ab wp-block-group-is-layout-flex\">\n<div class=\"wp-block-group is-vertical is-content-justification-left is-layout-flex wp-container-core-group-is-layout-dd225191 wp-block-group-is-layout-flex\">\n<h2 class=\"wp-block-heading is-style-text-annotation\">Kostenlose Rollschuhe, lecker Essen f\u00fcr wenig Geld, lokale FLINTA*-DJs<\/h2>\n\n\n\n<p class=\"is-style-text-subtitle\">Neben einem kostenlosen Rollschuhverleih gibt es Essen gegen Spende von der Initiative <em>Rote So\u00dfe<\/em>, jede Menge bunte Lichter und ein Lineup, welches vorrangig aus lokalen FLINTA*-DJs besteht. Unser Anspruch ist es, das Event auch weiterhin nicht-kommerziell zu halten, sodass allen Menschen der Stadt Weimar eine kostenfreie Teilnahme m\u00f6glich ist. Wir arbeiten daf\u00fcr mit unterschiedlichen Akteur*innen der Stadt Weimar, der Klassik Stiftung Weimar, der Kinder- und Jugendbeauftragten der Stadt Weimar und dem Team Jugendarbeit Weimar zusammen.<\/p>\n<\/div>\n\n\n\n<figure class=\"wp-block-image size-full\"><img loading=\"lazy\" decoding=\"async\" width=\"2000\" height=\"1429\" src=\"https:\/\/brettern.org\/wordpress\/wp-content\/uploads\/2026\/02\/TEAM_2025-09_RSD_DominiqueWollniok_356.jpg\" alt=\"\" class=\"wp-image-1062\" style=\"object-fit:cover\" srcset=\"https:\/\/brettern.org\/wordpress\/wp-content\/uploads\/2026\/02\/TEAM_2025-09_RSD_DominiqueWollniok_356.jpg 2000w, https:\/\/brettern.org\/wordpress\/wp-content\/uploads\/2026\/02\/TEAM_2025-09_RSD_DominiqueWollniok_356-300x214.jpg 300w, https:\/\/brettern.org\/wordpress\/wp-content\/uploads\/2026\/02\/TEAM_2025-09_RSD_DominiqueWollniok_356-1024x732.jpg 1024w, https:\/\/brettern.org\/wordpress\/wp-content\/uploads\/2026\/02\/TEAM_2025-09_RSD_DominiqueWollniok_356-768x549.jpg 768w, https:\/\/brettern.org\/wordpress\/wp-content\/uploads\/2026\/02\/TEAM_2025-09_RSD_DominiqueWollniok_356-1536x1097.jpg 1536w\" sizes=\"auto, (max-width: 2000px) 100vw, 2000px\" \/><\/figure>\n<\/div>\n\n\n\n<figure class=\"wp-block-image size-full wp-duotone-rgb000-rgb255255255-2\"><img loading=\"lazy\" decoding=\"async\" width=\"1429\" height=\"2000\" src=\"https:\/\/brettern.org\/wordpress\/wp-content\/uploads\/2026\/02\/KIDS_FUN_2025-09_RSD_DominiqueWollniok_201.jpg\" alt=\"\" class=\"wp-image-1052\" style=\"aspect-ratio:3\/4;object-fit:cover\" srcset=\"https:\/\/brettern.org\/wordpress\/wp-content\/uploads\/2026\/02\/KIDS_FUN_2025-09_RSD_DominiqueWollniok_201.jpg 1429w, https:\/\/brettern.org\/wordpress\/wp-content\/uploads\/2026\/02\/KIDS_FUN_2025-09_RSD_DominiqueWollniok_201-214x300.jpg 214w, https:\/\/brettern.org\/wordpress\/wp-content\/uploads\/2026\/02\/KIDS_FUN_2025-09_RSD_DominiqueWollniok_201-732x1024.jpg 732w, https:\/\/brettern.org\/wordpress\/wp-content\/uploads\/2026\/02\/KIDS_FUN_2025-09_RSD_DominiqueWollniok_201-768x1075.jpg 768w, https:\/\/brettern.org\/wordpress\/wp-content\/uploads\/2026\/02\/KIDS_FUN_2025-09_RSD_DominiqueWollniok_201-1097x1536.jpg 1097w\" sizes=\"auto, (max-width: 1429px) 100vw, 1429px\" \/><\/figure>\n\n\n\n<figure class=\"wp-block-image size-large\"><img loading=\"lazy\" decoding=\"async\" width=\"1024\" height=\"732\" src=\"https:\/\/brettern.org\/wordpress\/wp-content\/uploads\/2026\/02\/VIBE_2025-09_RSD_DominiqueWollniok_034-1024x732.jpg\" alt=\"\" class=\"wp-image-1069\" srcset=\"https:\/\/brettern.org\/wordpress\/wp-content\/uploads\/2026\/02\/VIBE_2025-09_RSD_DominiqueWollniok_034-1024x732.jpg 1024w, https:\/\/brettern.org\/wordpress\/wp-content\/uploads\/2026\/02\/VIBE_2025-09_RSD_DominiqueWollniok_034-300x214.jpg 300w, https:\/\/brettern.org\/wordpress\/wp-content\/uploads\/2026\/02\/VIBE_2025-09_RSD_DominiqueWollniok_034-768x549.jpg 768w, https:\/\/brettern.org\/wordpress\/wp-content\/uploads\/2026\/02\/VIBE_2025-09_RSD_DominiqueWollniok_034-1536x1097.jpg 1536w, https:\/\/brettern.org\/wordpress\/wp-content\/uploads\/2026\/02\/VIBE_2025-09_RSD_DominiqueWollniok_034.jpg 2000w\" sizes=\"auto, (max-width: 1024px) 100vw, 1024px\" \/><\/figure>\n\n\n\n<figure class=\"wp-block-image size-large\"><img loading=\"lazy\" decoding=\"async\" width=\"1024\" height=\"732\" src=\"https:\/\/brettern.org\/wordpress\/wp-content\/uploads\/2026\/02\/VIBE_2025-09_RSD_DominiqueWollniok_283-1-1024x732.jpg\" alt=\"\" class=\"wp-image-1071\" srcset=\"https:\/\/brettern.org\/wordpress\/wp-content\/uploads\/2026\/02\/VIBE_2025-09_RSD_DominiqueWollniok_283-1-1024x732.jpg 1024w, https:\/\/brettern.org\/wordpress\/wp-content\/uploads\/2026\/02\/VIBE_2025-09_RSD_DominiqueWollniok_283-1-300x214.jpg 300w, https:\/\/brettern.org\/wordpress\/wp-content\/uploads\/2026\/02\/VIBE_2025-09_RSD_DominiqueWollniok_283-1-768x549.jpg 768w, https:\/\/brettern.org\/wordpress\/wp-content\/uploads\/2026\/02\/VIBE_2025-09_RSD_DominiqueWollniok_283-1-1536x1097.jpg 1536w, https:\/\/brettern.org\/wordpress\/wp-content\/uploads\/2026\/02\/VIBE_2025-09_RSD_DominiqueWollniok_283-1.jpg 2000w\" sizes=\"auto, (max-width: 1024px) 100vw, 1024px\" \/><\/figure>\n\n\n\n<p>Fotos 2024\u20132025: Carolin Klemm und Dominique Wollniok<\/p>\n<\/div>\n<\/div>\n\n\n\n<div class=\"wp-block-group alignfull has-global-padding is-layout-constrained wp-container-core-group-is-layout-08655630 wp-block-group-is-layout-constrained\" style=\"margin-top:0;margin-bottom:0;padding-top:var(--wp--preset--spacing--80);padding-bottom:var(--wp--preset--spacing--80)\">\n<div class=\"wp-block-group alignwide is-layout-flow wp-block-group-is-layout-flow\">\n<p class=\"has-text-align-center is-style-text-display\" style=\"font-style:normal;font-weight:400\">Hast du Fragen? <br><a href=\"mailto:kontakt@brettern.org\" data-type=\"mailto\" data-id=\"mailto:kontakt@brettern.org\">Dann kannst uns gerne kontaktieren.<\/a><\/p>\n\n\n\n<div style=\"height:var(--wp--preset--spacing--40)\" aria-hidden=\"true\" class=\"wp-block-spacer\"><\/div>\n\n\n\n<ul class=\"wp-block-social-links has-icon-color is-style-logos-only is-content-justification-center is-layout-flex wp-container-core-social-links-is-layout-a89b3969 wp-block-social-links-is-layout-flex\"><li class=\"wp-social-link wp-social-link-instagram has-contrast-color wp-block-social-link\"><a rel=\"noopener nofollow\" target=\"_blank\" href=\"https:\/\/www.instagram.com\/brettern_ev\" class=\"wp-block-social-link-anchor\"><svg width=\"24\" height=\"24\" viewBox=\"0 0 24 24\" version=\"1.1\" xmlns=\"http:\/\/www.w3.org\/2000\/svg\" aria-hidden=\"true\" focusable=\"false\"><path d=\"M12,4.622c2.403,0,2.688,0.009,3.637,0.052c0.877,0.04,1.354,0.187,1.671,0.31c0.42,0.163,0.72,0.358,1.035,0.673 c0.315,0.315,0.51,0.615,0.673,1.035c0.123,0.317,0.27,0.794,0.31,1.671c0.043,0.949,0.052,1.234,0.052,3.637 s-0.009,2.688-0.052,3.637c-0.04,0.877-0.187,1.354-0.31,1.671c-0.163,0.42-0.358,0.72-0.673,1.035 c-0.315,0.315-0.615,0.51-1.035,0.673c-0.317,0.123-0.794,0.27-1.671,0.31c-0.949,0.043-1.233,0.052-3.637,0.052 s-2.688-0.009-3.637-0.052c-0.877-0.04-1.354-0.187-1.671-0.31c-0.42-0.163-0.72-0.358-1.035-0.673 c-0.315-0.315-0.51-0.615-0.673-1.035c-0.123-0.317-0.27-0.794-0.31-1.671C4.631,14.688,4.622,14.403,4.622,12 s0.009-2.688,0.052-3.637c0.04-0.877,0.187-1.354,0.31-1.671c0.163-0.42,0.358-0.72,0.673-1.035 c0.315-0.315,0.615-0.51,1.035-0.673c0.317-0.123,0.794-0.27,1.671-0.31C9.312,4.631,9.597,4.622,12,4.622 M12,3 C9.556,3,9.249,3.01,8.289,3.054C7.331,3.098,6.677,3.25,6.105,3.472C5.513,3.702,5.011,4.01,4.511,4.511 c-0.5,0.5-0.808,1.002-1.038,1.594C3.25,6.677,3.098,7.331,3.054,8.289C3.01,9.249,3,9.556,3,12c0,2.444,0.01,2.751,0.054,3.711 c0.044,0.958,0.196,1.612,0.418,2.185c0.23,0.592,0.538,1.094,1.038,1.594c0.5,0.5,1.002,0.808,1.594,1.038 c0.572,0.222,1.227,0.375,2.185,0.418C9.249,20.99,9.556,21,12,21s2.751-0.01,3.711-0.054c0.958-0.044,1.612-0.196,2.185-0.418 c0.592-0.23,1.094-0.538,1.594-1.038c0.5-0.5,0.808-1.002,1.038-1.594c0.222-0.572,0.375-1.227,0.418-2.185 C20.99,14.751,21,14.444,21,12s-0.01-2.751-0.054-3.711c-0.044-0.958-0.196-1.612-0.418-2.185c-0.23-0.592-0.538-1.094-1.038-1.594 c-0.5-0.5-1.002-0.808-1.594-1.038c-0.572-0.222-1.227-0.375-2.185-0.418C14.751,3.01,14.444,3,12,3L12,3z M12,7.378 c-2.552,0-4.622,2.069-4.622,4.622S9.448,16.622,12,16.622s4.622-2.069,4.622-4.622S14.552,7.378,12,7.378z M12,15 c-1.657,0-3-1.343-3-3s1.343-3,3-3s3,1.343,3,3S13.657,15,12,15z M16.804,6.116c-0.596,0-1.08,0.484-1.08,1.08 s0.484,1.08,1.08,1.08c0.596,0,1.08-0.484,1.08-1.08S17.401,6.116,16.804,6.116z\"><\/path><\/svg><span class=\"wp-block-social-link-label screen-reader-text\">Instagram<\/span><\/a><\/li>\n\n<li class=\"wp-social-link wp-social-link-youtube has-contrast-color wp-block-social-link\"><a rel=\"noopener nofollow\" target=\"_blank\" href=\"https:\/\/www.youtube.com\/@Brettern_eV\" class=\"wp-block-social-link-anchor\"><svg width=\"24\" height=\"24\" viewBox=\"0 0 24 24\" version=\"1.1\" xmlns=\"http:\/\/www.w3.org\/2000\/svg\" aria-hidden=\"true\" focusable=\"false\"><path d=\"M21.8,8.001c0,0-0.195-1.378-0.795-1.985c-0.76-0.797-1.613-0.801-2.004-0.847c-2.799-0.202-6.997-0.202-6.997-0.202 h-0.009c0,0-4.198,0-6.997,0.202C4.608,5.216,3.756,5.22,2.995,6.016C2.395,6.623,2.2,8.001,2.2,8.001S2,9.62,2,11.238v1.517 c0,1.618,0.2,3.237,0.2,3.237s0.195,1.378,0.795,1.985c0.761,0.797,1.76,0.771,2.205,0.855c1.6,0.153,6.8,0.201,6.8,0.201 s4.203-0.006,7.001-0.209c0.391-0.047,1.243-0.051,2.004-0.847c0.6-0.607,0.795-1.985,0.795-1.985s0.2-1.618,0.2-3.237v-1.517 C22,9.62,21.8,8.001,21.8,8.001z M9.935,14.594l-0.001-5.62l5.404,2.82L9.935,14.594z\"><\/path><\/svg><span class=\"wp-block-social-link-label screen-reader-text\">YouTube<\/span><\/a><\/li><\/ul>\n<\/div>\n<\/div>\n","protected":false},"excerpt":{"rendered":"<p>Kostenlose Rollschuhe, lecker Essen f\u00fcr wenig Geld, lokale FLINTA*-DJs Neben einem kostenlosen Rollschuhverleih gibt es Essen gegen Spende von der Initiative Rote So\u00dfe, jede Menge bunte Lichter und ein Lineup, welches vorrangig aus lokalen FLINTA*-DJs besteht. Unser Anspruch ist es, das Event auch weiterhin nicht-kommerziell zu halten, sodass allen Menschen der Stadt Weimar eine kostenfreie [&hellip;]<\/p>\n","protected":false},"author":1,"featured_media":0,"parent":0,"menu_order":0,"comment_status":"closed","ping_status":"closed","template":"page-no-title","meta":{"footnotes":""},"class_list":["post-793","page","type-page","status-publish","hentry"],"_links":{"self":[{"href":"https:\/\/brettern.org\/wordpress\/wp-json\/wp\/v2\/pages\/793","targetHints":{"allow":["GET"]}}],"collection":[{"href":"https:\/\/brettern.org\/wordpress\/wp-json\/wp\/v2\/pages"}],"about":[{"href":"https:\/\/brettern.org\/wordpress\/wp-json\/wp\/v2\/types\/page"}],"author":[{"embeddable":true,"href":"https:\/\/brettern.org\/wordpress\/wp-json\/wp\/v2\/users\/1"}],"replies":[{"embeddable":true,"href":"https:\/\/brettern.org\/wordpress\/wp-json\/wp\/v2\/comments?post=793"}],"version-history":[{"count":26,"href":"https:\/\/brettern.org\/wordpress\/wp-json\/wp\/v2\/pages\/793\/revisions"}],"predecessor-version":[{"id":1123,"href":"https:\/\/brettern.org\/wordpress\/wp-json\/wp\/v2\/pages\/793\/revisions\/1123"}],"wp:attachment":[{"href":"https:\/\/brettern.org\/wordpress\/wp-json\/wp\/v2\/media?parent=793"}],"curies":[{"name":"wp","href":"https:\/\/api.w.org\/{rel}","templated":true}]}}