{"id":699,"date":"2025-10-27T13:39:22","date_gmt":"2025-10-27T13:39:22","guid":{"rendered":"https:\/\/brettern.org\/wordpress\/?page_id=699"},"modified":"2026-02-06T14:06:19","modified_gmt":"2026-02-06T14:06:19","slug":"skatenacht","status":"publish","type":"page","link":"https:\/\/brettern.org\/wordpress\/skatenacht\/","title":{"rendered":"Skatenacht"},"content":{"rendered":"\n<div class=\"wp-block-cover alignfull is-light wp-duotone-rgb000-rgb20918399-1\" style=\"margin-top:0;padding-top:48px;padding-right:48px;padding-bottom:48px;padding-left:48px;min-height:66vh;aspect-ratio:unset;\"><img loading=\"lazy\" decoding=\"async\" width=\"1024\" height=\"1024\" class=\"wp-block-cover__image-background wp-image-438 size-large\" alt=\"Moodpic &quot;Skatenacht&quot;\" src=\"https:\/\/brettern.org\/wordpress\/wp-content\/uploads\/2025\/05\/IMG_7623_Skatenacht_2023_MZ_bearb-1024x1024.jpg\" style=\"object-position:56% 32%\" data-object-fit=\"cover\" data-object-position=\"56% 32%\" srcset=\"https:\/\/brettern.org\/wordpress\/wp-content\/uploads\/2025\/05\/IMG_7623_Skatenacht_2023_MZ_bearb-1024x1024.jpg 1024w, https:\/\/brettern.org\/wordpress\/wp-content\/uploads\/2025\/05\/IMG_7623_Skatenacht_2023_MZ_bearb-300x300.jpg 300w, https:\/\/brettern.org\/wordpress\/wp-content\/uploads\/2025\/05\/IMG_7623_Skatenacht_2023_MZ_bearb-150x150.jpg 150w, https:\/\/brettern.org\/wordpress\/wp-content\/uploads\/2025\/05\/IMG_7623_Skatenacht_2023_MZ_bearb-768x768.jpg 768w, https:\/\/brettern.org\/wordpress\/wp-content\/uploads\/2025\/05\/IMG_7623_Skatenacht_2023_MZ_bearb-1536x1536.jpg 1536w, https:\/\/brettern.org\/wordpress\/wp-content\/uploads\/2025\/05\/IMG_7623_Skatenacht_2023_MZ_bearb-2048x2048.jpg 2048w\" sizes=\"auto, (max-width: 1024px) 100vw, 1024px\" \/><span aria-hidden=\"true\" class=\"wp-block-cover__background has-accent-5-background-color has-background-dim-0 has-background-dim\"><\/span><div class=\"wp-block-cover__inner-container is-layout-flow wp-block-cover-is-layout-flow\">\n<div class=\"wp-block-columns is-layout-flex wp-container-core-columns-is-layout-28f84493 wp-block-columns-is-layout-flex\">\n<div class=\"wp-block-column is-layout-flow wp-block-column-is-layout-flow\" style=\"flex-basis:66%\">\n<h2 class=\"wp-block-heading has-text-align-left has-white-color has-text-color has-barlow-condensed-font-family\" style=\"border-style:none;border-width:0px;font-size:clamp(2.629em, 2.629rem + ((1vw - 0.2em) * 3.719), 5em);font-style:normal;font-weight:500;letter-spacing:0px;line-height:1;text-transform:uppercase\">Skatenacht<br>(2010\u2013Heute)<\/h2>\n\n\n\n<p class=\"has-text-align-left is-style-default has-base-color has-text-color has-link-color has-large-font-size wp-elements-b46672f0dba81d6faf3382478492a6b6\" style=\"margin-right:0;margin-left:0;padding-right:0;padding-left:0\">Die Skatenacht ist unsere \u00bb\u00e4lteste\u00ab Veranstaltung in Weimar und zugleich eine Begegnungsplattform f\u00fcr Jung und Alt. Im Vorfeld werden von&nbsp; Ehrenamtlichen Hindernisse in einer intensiven Bauwoche geplant, umgesetzt sowie gestaltet. Am Tag selbst gibt es einen Workshop f\u00fcr&nbsp; Anf\u00e4nger*innen und Familien, kleine Spiele und Auftritte lokaler DJs und Nachwuchsbands.<\/p>\n<\/div>\n<\/div>\n<\/div><\/div>\n\n\n\n<div class=\"wp-block-group alignfull has-global-padding is-layout-constrained wp-block-group-is-layout-constrained\" style=\"margin-top:0;margin-bottom:0\">\n<div class=\"wp-block-group alignwide is-layout-grid wp-container-core-group-is-layout-5fdb10e5 wp-block-group-is-layout-grid\" style=\"padding-top:var(--wp--preset--spacing--50);padding-bottom:var(--wp--preset--spacing--50)\">\n<div class=\"wp-block-group is-vertical is-content-justification-stretch is-nowrap is-layout-flex wp-container-core-group-is-layout-627337ab wp-block-group-is-layout-flex\">\n<div class=\"wp-block-group is-vertical is-content-justification-left is-layout-flex wp-container-core-group-is-layout-dd225191 wp-block-group-is-layout-flex\">\n<h2 class=\"wp-block-heading is-style-text-annotation\">Wie alles begann &#8230;<\/h2>\n\n\n\n<p class=\"is-style-text-subtitle\">Die Skatenacht auf dem Theaterplatz entstand im Rahmen der offenen Kinder- und Jugendarbeit 2010. Es war der Versuch von Streetworker*innen des Team Jugendarbeit Weimar eine L\u00f6sung f\u00fcr Konflikte zwischen der wachsenden jugendlichen Skateszene, dem Ordnungsamt sowie des ans\u00e4ssigen Nationaltheaters anzustreben. \u00dcber die Jahre startete die Skatenacht einen Dialog zwischen den urspr\u00fcnglichen Konfliktparteien, der bis heute aufrechterhalten werden konnte und st\u00e4rkte nachhaltig die&nbsp; Weimarer Skateszene. Inzwischen ist die Organisation durch Vertreter*innen der Szene selbst \u00fcbernommen wurden und die konzeptionelle Ausrichtung entwickelt sich unter Beteiligung von Ehrenamtlichen jedes Jahr weiter. Die Skatenacht wurde so in den 15 Jahren seit ihrer Entstehung nicht nur zu einem Treffpunkt f\u00fcr Skater*innen aus ganz Th\u00fcringen, sondern f\u00fchrte letztendlich auch zur Gr\u00fcndung unseres Vereins.<\/p>\n<\/div>\n<\/div>\n\n\n\n<figure class=\"wp-block-image size-full wp-duotone-rgb000-rgb255255255-2\"><img loading=\"lazy\" decoding=\"async\" width=\"1080\" height=\"1080\" src=\"https:\/\/brettern.org\/wordpress\/wp-content\/uploads\/2025\/04\/2.-BautagGefoerdert-durch-@zukunftgehtraus-sparkassenstiftungweimarzukunftgehtraus-zukunftspaket-stadtweimartheaterplatzweimar-skateboarding-thueringen-rollschuhe-brettern_weimar-skateboard.jpg\" alt=\"Eine Person schwei\u00dft ein Rail f\u00fcr die Skatenacht\" class=\"wp-image-113\" style=\"aspect-ratio:3\/4;object-fit:cover\" srcset=\"https:\/\/brettern.org\/wordpress\/wp-content\/uploads\/2025\/04\/2.-BautagGefoerdert-durch-@zukunftgehtraus-sparkassenstiftungweimarzukunftgehtraus-zukunftspaket-stadtweimartheaterplatzweimar-skateboarding-thueringen-rollschuhe-brettern_weimar-skateboard.jpg 1080w, https:\/\/brettern.org\/wordpress\/wp-content\/uploads\/2025\/04\/2.-BautagGefoerdert-durch-@zukunftgehtraus-sparkassenstiftungweimarzukunftgehtraus-zukunftspaket-stadtweimartheaterplatzweimar-skateboarding-thueringen-rollschuhe-brettern_weimar-skateboard-300x300.jpg 300w, https:\/\/brettern.org\/wordpress\/wp-content\/uploads\/2025\/04\/2.-BautagGefoerdert-durch-@zukunftgehtraus-sparkassenstiftungweimarzukunftgehtraus-zukunftspaket-stadtweimartheaterplatzweimar-skateboarding-thueringen-rollschuhe-brettern_weimar-skateboard-1024x1024.jpg 1024w, https:\/\/brettern.org\/wordpress\/wp-content\/uploads\/2025\/04\/2.-BautagGefoerdert-durch-@zukunftgehtraus-sparkassenstiftungweimarzukunftgehtraus-zukunftspaket-stadtweimartheaterplatzweimar-skateboarding-thueringen-rollschuhe-brettern_weimar-skateboard-150x150.jpg 150w, https:\/\/brettern.org\/wordpress\/wp-content\/uploads\/2025\/04\/2.-BautagGefoerdert-durch-@zukunftgehtraus-sparkassenstiftungweimarzukunftgehtraus-zukunftspaket-stadtweimartheaterplatzweimar-skateboarding-thueringen-rollschuhe-brettern_weimar-skateboard-768x768.jpg 768w\" sizes=\"auto, (max-width: 1080px) 100vw, 1080px\" \/><\/figure>\n\n\n\n<figure class=\"wp-block-image size-large wp-duotone-unset-3\"><img loading=\"lazy\" decoding=\"async\" width=\"768\" height=\"1024\" src=\"https:\/\/brettern.org\/wordpress\/wp-content\/uploads\/2026\/02\/DEKO_2025-07_SN_LenaNeuner_IMG_7973-768x1024.jpeg\" alt=\"\" class=\"wp-image-1079\" style=\"aspect-ratio:3\/4;object-fit:cover\" srcset=\"https:\/\/brettern.org\/wordpress\/wp-content\/uploads\/2026\/02\/DEKO_2025-07_SN_LenaNeuner_IMG_7973-768x1024.jpeg 768w, https:\/\/brettern.org\/wordpress\/wp-content\/uploads\/2026\/02\/DEKO_2025-07_SN_LenaNeuner_IMG_7973-225x300.jpeg 225w, https:\/\/brettern.org\/wordpress\/wp-content\/uploads\/2026\/02\/DEKO_2025-07_SN_LenaNeuner_IMG_7973.jpeg 960w\" sizes=\"auto, (max-width: 768px) 100vw, 768px\" \/><\/figure>\n\n\n\n<figure class=\"wp-block-image size-full\"><img loading=\"lazy\" decoding=\"async\" width=\"1707\" height=\"2560\" src=\"https:\/\/brettern.org\/wordpress\/wp-content\/uploads\/2026\/02\/VIBE_2025-07_SN_IvanDjumbov_TRIBUeNE_01-scaled.png\" alt=\"\u00dcberblick \u00fcber den vollen Theaterplatz\" class=\"wp-image-1087\" style=\"aspect-ratio:3\/4;object-fit:cover\" srcset=\"https:\/\/brettern.org\/wordpress\/wp-content\/uploads\/2026\/02\/VIBE_2025-07_SN_IvanDjumbov_TRIBUeNE_01-scaled.png 1707w, https:\/\/brettern.org\/wordpress\/wp-content\/uploads\/2026\/02\/VIBE_2025-07_SN_IvanDjumbov_TRIBUeNE_01-200x300.png 200w, https:\/\/brettern.org\/wordpress\/wp-content\/uploads\/2026\/02\/VIBE_2025-07_SN_IvanDjumbov_TRIBUeNE_01-683x1024.png 683w, https:\/\/brettern.org\/wordpress\/wp-content\/uploads\/2026\/02\/VIBE_2025-07_SN_IvanDjumbov_TRIBUeNE_01-768x1152.png 768w, https:\/\/brettern.org\/wordpress\/wp-content\/uploads\/2026\/02\/VIBE_2025-07_SN_IvanDjumbov_TRIBUeNE_01-1024x1536.png 1024w\" sizes=\"auto, (max-width: 1707px) 100vw, 1707px\" \/><\/figure>\n\n\n\n<figure class=\"wp-block-image size-large wp-duotone-rgb000-rgb255255255-4\"><img loading=\"lazy\" decoding=\"async\" width=\"1024\" height=\"683\" src=\"https:\/\/brettern.org\/wordpress\/wp-content\/uploads\/2026\/02\/MG_7518_Skatenacht_2024_MZ-1024x683.jpg\" alt=\"\" class=\"wp-image-1089\" srcset=\"https:\/\/brettern.org\/wordpress\/wp-content\/uploads\/2026\/02\/MG_7518_Skatenacht_2024_MZ-1024x683.jpg 1024w, https:\/\/brettern.org\/wordpress\/wp-content\/uploads\/2026\/02\/MG_7518_Skatenacht_2024_MZ-300x200.jpg 300w, https:\/\/brettern.org\/wordpress\/wp-content\/uploads\/2026\/02\/MG_7518_Skatenacht_2024_MZ-768x512.jpg 768w, https:\/\/brettern.org\/wordpress\/wp-content\/uploads\/2026\/02\/MG_7518_Skatenacht_2024_MZ-1536x1024.jpg 1536w, https:\/\/brettern.org\/wordpress\/wp-content\/uploads\/2026\/02\/MG_7518_Skatenacht_2024_MZ-2048x1365.jpg 2048w\" sizes=\"auto, (max-width: 1024px) 100vw, 1024px\" \/><\/figure>\n\n\n\n<figure class=\"wp-block-image size-large\"><img loading=\"lazy\" decoding=\"async\" width=\"1024\" height=\"683\" src=\"https:\/\/brettern.org\/wordpress\/wp-content\/uploads\/2026\/02\/MG_7538_Skatenacht_2024_MZ_bearb-1024x683.jpg\" alt=\"\" class=\"wp-image-1090\" srcset=\"https:\/\/brettern.org\/wordpress\/wp-content\/uploads\/2026\/02\/MG_7538_Skatenacht_2024_MZ_bearb-1024x683.jpg 1024w, https:\/\/brettern.org\/wordpress\/wp-content\/uploads\/2026\/02\/MG_7538_Skatenacht_2024_MZ_bearb-300x200.jpg 300w, https:\/\/brettern.org\/wordpress\/wp-content\/uploads\/2026\/02\/MG_7538_Skatenacht_2024_MZ_bearb-768x512.jpg 768w, https:\/\/brettern.org\/wordpress\/wp-content\/uploads\/2026\/02\/MG_7538_Skatenacht_2024_MZ_bearb-1536x1024.jpg 1536w, https:\/\/brettern.org\/wordpress\/wp-content\/uploads\/2026\/02\/MG_7538_Skatenacht_2024_MZ_bearb-2048x1365.jpg 2048w\" sizes=\"auto, (max-width: 1024px) 100vw, 1024px\" \/><\/figure>\n\n\n\n<p class=\"wp-container-content-5fd69529\">Fotos 2023\u20132025: Hannes Hendrich, Lena Neuner, Miriam Zweck, Ivan Djumbov<\/p>\n<\/div>\n<\/div>\n\n\n\n<div class=\"wp-block-group alignfull has-global-padding is-layout-constrained wp-block-group-is-layout-constrained\" style=\"margin-top:0;margin-bottom:0\">\n<div class=\"wp-block-group alignwide is-layout-flow wp-container-core-group-is-layout-d58a0413 wp-block-group-is-layout-flow\" style=\"padding-top:var(--wp--preset--spacing--50);padding-bottom:var(--wp--preset--spacing--50)\">\n<h2 class=\"wp-block-heading has-x-large-font-size\">Videos aus den letzten Jahren<\/h2>\n\n\n\n<p>Mit Klick auf das Video stimmt ihr der Daten\u00fcbertragung an YouTube zu.<\/p>\n\n\n\n<div class=\"wp-block-group is-layout-grid wp-container-core-group-is-layout-b757edec wp-block-group-is-layout-grid\">\n<div class=\"wp-block-group has-global-padding is-layout-constrained wp-block-group-is-layout-constrained\">\n<h2 class=\"wp-block-heading wp-embed-aspect-16-9 wp-has-aspect-ratio\" style=\"margin-top:0;margin-right:0;margin-bottom:0;margin-left:0\">Skatenacht 2025 X Sparfuchs auf Achse<\/h2>\n\n\n\n<figure class=\"wp-block-embed is-type-video is-provider-youtube wp-block-embed-youtube wp-embed-aspect-16-9 wp-has-aspect-ratio\" style=\"margin-top:0;margin-right:0;margin-bottom:0;margin-left:0\"><div class=\"wp-block-embed__wrapper\">\n<iframe loading=\"lazy\" title=\"Skatenacht 25 x Sparfuchs auf Achse\" width=\"500\" height=\"281\" src=\"https:\/\/www.youtube.com\/embed\/pETrNhcFLJ0?feature=oembed\" frameborder=\"0\" allow=\"accelerometer; autoplay; clipboard-write; encrypted-media; gyroscope; picture-in-picture; web-share\" referrerpolicy=\"strict-origin-when-cross-origin\" allowfullscreen><\/iframe>\n<\/div><\/figure>\n<\/div>\n\n\n\n<div class=\"wp-block-group has-global-padding is-layout-constrained wp-block-group-is-layout-constrained\">\n<h2 class=\"wp-block-heading wp-embed-aspect-16-9 wp-has-aspect-ratio\" style=\"margin-top:0;margin-right:0;margin-bottom:0;margin-left:0\">Skatenacht 2024 x Planierraubenr\u00fcttelplatte<\/h2>\n\n\n\n<figure class=\"wp-block-embed is-type-video is-provider-youtube wp-block-embed-youtube wp-embed-aspect-16-9 wp-has-aspect-ratio\" style=\"margin-top:0;margin-right:0;margin-bottom:0;margin-left:0\"><div class=\"wp-block-embed__wrapper\">\n<iframe loading=\"lazy\" title=\"Skatenacht 24 x Planierraubenr\u00fcttelplatte\" width=\"500\" height=\"281\" src=\"https:\/\/www.youtube.com\/embed\/7DUhpMvTW_Y?feature=oembed\" frameborder=\"0\" allow=\"accelerometer; autoplay; clipboard-write; encrypted-media; gyroscope; picture-in-picture; web-share\" referrerpolicy=\"strict-origin-when-cross-origin\" allowfullscreen><\/iframe>\n<\/div><\/figure>\n<\/div>\n\n\n\n<div class=\"wp-block-group has-global-padding is-layout-constrained wp-block-group-is-layout-constrained\">\n<h2 class=\"wp-block-heading wp-embed-aspect-16-9 wp-has-aspect-ratio\" style=\"margin-top:0;margin-right:0;margin-bottom:0;margin-left:0\">Skatenacht 2023 x Rummelbude<\/h2>\n\n\n\n<figure class=\"wp-block-embed is-type-video is-provider-youtube wp-block-embed-youtube wp-embed-aspect-16-9 wp-has-aspect-ratio\" style=\"margin-top:0;margin-right:0;margin-bottom:0;margin-left:0\"><div class=\"wp-block-embed__wrapper\">\n<iframe loading=\"lazy\" title=\"Skatenacht 23  x Rummelbude\" width=\"500\" height=\"281\" src=\"https:\/\/www.youtube.com\/embed\/hntMLlMOLhU?feature=oembed\" frameborder=\"0\" allow=\"accelerometer; autoplay; clipboard-write; encrypted-media; gyroscope; picture-in-picture; web-share\" referrerpolicy=\"strict-origin-when-cross-origin\" allowfullscreen><\/iframe>\n<\/div><\/figure>\n<\/div>\n\n\n\n<div class=\"wp-block-group has-global-padding is-layout-constrained wp-block-group-is-layout-constrained\">\n<h2 class=\"wp-block-heading wp-embed-aspect-16-9 wp-has-aspect-ratio\" style=\"margin-top:0;margin-right:0;margin-bottom:0;margin-left:0\">Skatenacht 2022 x Darf Weidor<\/h2>\n\n\n\n<figure class=\"wp-block-embed is-type-video is-provider-youtube wp-block-embed-youtube wp-embed-aspect-16-9 wp-has-aspect-ratio\" style=\"margin-top:0;margin-right:0;margin-bottom:0;margin-left:0\"><div class=\"wp-block-embed__wrapper\">\n<iframe loading=\"lazy\" title=\"Skatenacht 22 x Darf Weidor\" width=\"500\" height=\"281\" src=\"https:\/\/www.youtube.com\/embed\/-izPJHuUIK4?feature=oembed\" frameborder=\"0\" allow=\"accelerometer; autoplay; clipboard-write; encrypted-media; gyroscope; picture-in-picture; web-share\" referrerpolicy=\"strict-origin-when-cross-origin\" allowfullscreen><\/iframe>\n<\/div><\/figure>\n<\/div>\n\n\n\n<div class=\"wp-block-group has-global-padding is-layout-constrained wp-block-group-is-layout-constrained\">\n<h2 class=\"wp-block-heading wp-embed-aspect-16-9 wp-has-aspect-ratio\" style=\"margin-top:0;margin-right:0;margin-bottom:0;margin-left:0\">Skatenacht 2021 X Rolliday<\/h2>\n\n\n\n<figure class=\"wp-block-embed is-type-video is-provider-youtube wp-block-embed-youtube wp-embed-aspect-16-9 wp-has-aspect-ratio\" style=\"margin-top:0;margin-right:0;margin-bottom:0;margin-left:0\"><div class=\"wp-block-embed__wrapper\">\n<iframe loading=\"lazy\" title=\"Skatenacht 21 x Rolliday\" width=\"500\" height=\"281\" src=\"https:\/\/www.youtube.com\/embed\/9f049-t5ZLk?feature=oembed\" frameborder=\"0\" allow=\"accelerometer; autoplay; clipboard-write; encrypted-media; gyroscope; picture-in-picture; web-share\" referrerpolicy=\"strict-origin-when-cross-origin\" allowfullscreen><\/iframe>\n<\/div><\/figure>\n<\/div>\n\n\n\n<div class=\"wp-block-group has-global-padding is-layout-constrained wp-block-group-is-layout-constrained\">\n<h2 class=\"wp-block-heading wp-embed-aspect-16-9 wp-has-aspect-ratio\" style=\"margin-top:0;margin-right:0;margin-bottom:0;margin-left:0\">Skatenacht 2020 x Maskenball<\/h2>\n\n\n\n<figure class=\"wp-block-embed is-type-video is-provider-youtube wp-block-embed-youtube wp-embed-aspect-16-9 wp-has-aspect-ratio\" style=\"margin-top:0;margin-right:0;margin-bottom:0;margin-left:0\"><div class=\"wp-block-embed__wrapper\">\n<iframe loading=\"lazy\" title=\"Skatenacht 20 x Maskenball\" width=\"500\" height=\"281\" src=\"https:\/\/www.youtube.com\/embed\/-Ar27GPq8os?feature=oembed\" frameborder=\"0\" allow=\"accelerometer; autoplay; clipboard-write; encrypted-media; gyroscope; picture-in-picture; web-share\" referrerpolicy=\"strict-origin-when-cross-origin\" allowfullscreen><\/iframe>\n<\/div><\/figure>\n<\/div>\n<\/div>\n<\/div>\n<\/div>\n\n\n\n<div class=\"wp-block-group alignfull has-global-padding is-layout-constrained wp-container-core-group-is-layout-08655630 wp-block-group-is-layout-constrained\" style=\"margin-top:0;margin-bottom:0;padding-top:var(--wp--preset--spacing--80);padding-bottom:var(--wp--preset--spacing--80)\">\n<div class=\"wp-block-group alignwide is-layout-flow wp-block-group-is-layout-flow\">\n<p class=\"has-text-align-center is-style-text-display\" style=\"font-style:normal;font-weight:400\">Hast du Fragen? <br><a href=\"mailto:kontakt@brettern.org\" rel=\"nofollow\">Dann kannst uns gerne kontaktieren.<\/a><\/p>\n\n\n\n<div style=\"height:var(--wp--preset--spacing--40)\" aria-hidden=\"true\" class=\"wp-block-spacer\"><\/div>\n\n\n\n<ul class=\"wp-block-social-links has-icon-color is-style-logos-only is-content-justification-center is-layout-flex wp-container-core-social-links-is-layout-a89b3969 wp-block-social-links-is-layout-flex\"><li class=\"wp-social-link wp-social-link-instagram has-contrast-color wp-block-social-link\"><a rel=\"noopener nofollow\" target=\"_blank\" href=\"https:\/\/www.instagram.com\/brettern_ev\" class=\"wp-block-social-link-anchor\"><svg width=\"24\" height=\"24\" viewBox=\"0 0 24 24\" version=\"1.1\" xmlns=\"http:\/\/www.w3.org\/2000\/svg\" aria-hidden=\"true\" focusable=\"false\"><path d=\"M12,4.622c2.403,0,2.688,0.009,3.637,0.052c0.877,0.04,1.354,0.187,1.671,0.31c0.42,0.163,0.72,0.358,1.035,0.673 c0.315,0.315,0.51,0.615,0.673,1.035c0.123,0.317,0.27,0.794,0.31,1.671c0.043,0.949,0.052,1.234,0.052,3.637 s-0.009,2.688-0.052,3.637c-0.04,0.877-0.187,1.354-0.31,1.671c-0.163,0.42-0.358,0.72-0.673,1.035 c-0.315,0.315-0.615,0.51-1.035,0.673c-0.317,0.123-0.794,0.27-1.671,0.31c-0.949,0.043-1.233,0.052-3.637,0.052 s-2.688-0.009-3.637-0.052c-0.877-0.04-1.354-0.187-1.671-0.31c-0.42-0.163-0.72-0.358-1.035-0.673 c-0.315-0.315-0.51-0.615-0.673-1.035c-0.123-0.317-0.27-0.794-0.31-1.671C4.631,14.688,4.622,14.403,4.622,12 s0.009-2.688,0.052-3.637c0.04-0.877,0.187-1.354,0.31-1.671c0.163-0.42,0.358-0.72,0.673-1.035 c0.315-0.315,0.615-0.51,1.035-0.673c0.317-0.123,0.794-0.27,1.671-0.31C9.312,4.631,9.597,4.622,12,4.622 M12,3 C9.556,3,9.249,3.01,8.289,3.054C7.331,3.098,6.677,3.25,6.105,3.472C5.513,3.702,5.011,4.01,4.511,4.511 c-0.5,0.5-0.808,1.002-1.038,1.594C3.25,6.677,3.098,7.331,3.054,8.289C3.01,9.249,3,9.556,3,12c0,2.444,0.01,2.751,0.054,3.711 c0.044,0.958,0.196,1.612,0.418,2.185c0.23,0.592,0.538,1.094,1.038,1.594c0.5,0.5,1.002,0.808,1.594,1.038 c0.572,0.222,1.227,0.375,2.185,0.418C9.249,20.99,9.556,21,12,21s2.751-0.01,3.711-0.054c0.958-0.044,1.612-0.196,2.185-0.418 c0.592-0.23,1.094-0.538,1.594-1.038c0.5-0.5,0.808-1.002,1.038-1.594c0.222-0.572,0.375-1.227,0.418-2.185 C20.99,14.751,21,14.444,21,12s-0.01-2.751-0.054-3.711c-0.044-0.958-0.196-1.612-0.418-2.185c-0.23-0.592-0.538-1.094-1.038-1.594 c-0.5-0.5-1.002-0.808-1.594-1.038c-0.572-0.222-1.227-0.375-2.185-0.418C14.751,3.01,14.444,3,12,3L12,3z M12,7.378 c-2.552,0-4.622,2.069-4.622,4.622S9.448,16.622,12,16.622s4.622-2.069,4.622-4.622S14.552,7.378,12,7.378z M12,15 c-1.657,0-3-1.343-3-3s1.343-3,3-3s3,1.343,3,3S13.657,15,12,15z M16.804,6.116c-0.596,0-1.08,0.484-1.08,1.08 s0.484,1.08,1.08,1.08c0.596,0,1.08-0.484,1.08-1.08S17.401,6.116,16.804,6.116z\"><\/path><\/svg><span class=\"wp-block-social-link-label screen-reader-text\">Instagram<\/span><\/a><\/li>\n\n<li class=\"wp-social-link wp-social-link-youtube has-contrast-color wp-block-social-link\"><a rel=\"noopener nofollow\" target=\"_blank\" href=\"https:\/\/www.youtube.com\/@Brettern_eV\" class=\"wp-block-social-link-anchor\"><svg width=\"24\" height=\"24\" viewBox=\"0 0 24 24\" version=\"1.1\" xmlns=\"http:\/\/www.w3.org\/2000\/svg\" aria-hidden=\"true\" focusable=\"false\"><path d=\"M21.8,8.001c0,0-0.195-1.378-0.795-1.985c-0.76-0.797-1.613-0.801-2.004-0.847c-2.799-0.202-6.997-0.202-6.997-0.202 h-0.009c0,0-4.198,0-6.997,0.202C4.608,5.216,3.756,5.22,2.995,6.016C2.395,6.623,2.2,8.001,2.2,8.001S2,9.62,2,11.238v1.517 c0,1.618,0.2,3.237,0.2,3.237s0.195,1.378,0.795,1.985c0.761,0.797,1.76,0.771,2.205,0.855c1.6,0.153,6.8,0.201,6.8,0.201 s4.203-0.006,7.001-0.209c0.391-0.047,1.243-0.051,2.004-0.847c0.6-0.607,0.795-1.985,0.795-1.985s0.2-1.618,0.2-3.237v-1.517 C22,9.62,21.8,8.001,21.8,8.001z M9.935,14.594l-0.001-5.62l5.404,2.82L9.935,14.594z\"><\/path><\/svg><span class=\"wp-block-social-link-label screen-reader-text\">YouTube<\/span><\/a><\/li><\/ul>\n<\/div>\n<\/div>\n","protected":false},"excerpt":{"rendered":"<p>Wie alles begann &#8230; Die Skatenacht auf dem Theaterplatz entstand im Rahmen der offenen Kinder- und Jugendarbeit 2010. Es war der Versuch von Streetworker*innen des Team Jugendarbeit Weimar eine L\u00f6sung f\u00fcr Konflikte zwischen der wachsenden jugendlichen Skateszene, dem Ordnungsamt sowie des ans\u00e4ssigen Nationaltheaters anzustreben. \u00dcber die Jahre startete die Skatenacht einen Dialog zwischen den urspr\u00fcnglichen [&hellip;]<\/p>\n","protected":false},"author":1,"featured_media":0,"parent":0,"menu_order":0,"comment_status":"closed","ping_status":"closed","template":"page-no-title","meta":{"footnotes":""},"class_list":["post-699","page","type-page","status-publish","hentry"],"_links":{"self":[{"href":"https:\/\/brettern.org\/wordpress\/wp-json\/wp\/v2\/pages\/699","targetHints":{"allow":["GET"]}}],"collection":[{"href":"https:\/\/brettern.org\/wordpress\/wp-json\/wp\/v2\/pages"}],"about":[{"href":"https:\/\/brettern.org\/wordpress\/wp-json\/wp\/v2\/types\/page"}],"author":[{"embeddable":true,"href":"https:\/\/brettern.org\/wordpress\/wp-json\/wp\/v2\/users\/1"}],"replies":[{"embeddable":true,"href":"https:\/\/brettern.org\/wordpress\/wp-json\/wp\/v2\/comments?post=699"}],"version-history":[{"count":38,"href":"https:\/\/brettern.org\/wordpress\/wp-json\/wp\/v2\/pages\/699\/revisions"}],"predecessor-version":[{"id":1117,"href":"https:\/\/brettern.org\/wordpress\/wp-json\/wp\/v2\/pages\/699\/revisions\/1117"}],"wp:attachment":[{"href":"https:\/\/brettern.org\/wordpress\/wp-json\/wp\/v2\/media?parent=699"}],"curies":[{"name":"wp","href":"https:\/\/api.w.org\/{rel}","templated":true}]}}